{"id":87,"date":"2021-08-09T12:31:21","date_gmt":"2021-08-09T12:31:21","guid":{"rendered":"https:\/\/scorp.anywhere.de\/?page_id=87"},"modified":"2021-08-13T09:43:30","modified_gmt":"2021-08-13T09:43:30","slug":"87-2","status":"publish","type":"page","link":"https:\/\/scorp.anywhere.de\/index.php\/87-2\/","title":{"rendered":"SCoRP Funktionen"},"content":{"rendered":"<p>[et_pb_section fb_built=&#8220;1&#8243; _builder_version=&#8220;4.9.10&#8243; _module_preset=&#8220;default&#8220;][et_pb_row _builder_version=&#8220;4.9.10&#8243; _module_preset=&#8220;default&#8220;][et_pb_column type=&#8220;4_4&#8243; _builder_version=&#8220;4.9.10&#8243; _module_preset=&#8220;default&#8220;][et_pb_image src=&#8220;https:\/\/scorp.anywhere.de\/wp-content\/uploads\/2021\/03\/L1-SCoRP-Logo-RGB-e1628497043538.png&#8220; title_text=&#8220;L1-SCoRP-Logo-RGB&#8220; align=&#8220;center&#8220; _builder_version=&#8220;4.9.10&#8243; _module_preset=&#8220;default&#8220; width=&#8220;70%&#8220;][\/et_pb_image][\/et_pb_column][\/et_pb_row][et_pb_row _builder_version=&#8220;4.9.10&#8243; _module_preset=&#8220;default&#8220;][et_pb_column type=&#8220;4_4&#8243; _builder_version=&#8220;4.9.10&#8243; _module_preset=&#8220;default&#8220;][et_pb_divider _builder_version=&#8220;4.9.10&#8243; _module_preset=&#8220;default&#8220;][\/et_pb_divider][et_pb_text _builder_version=&#8220;4.9.10&#8243; _module_preset=&#8220;default&#8220; text_orientation=&#8220;center&#8220; custom_margin=&#8220;||60px||false|false&#8220;]<\/p>\n<h1><strong>Funktionen<\/strong><\/h1>\n<p><strong>SCoRP soll in Ihrem Unternehmen sicherstellen, dass mit m\u00f6glichst geringem Aufwand die rechtlichen Dokumentationspflichten erf\u00fcllt werden, alle vertraglichen Grundlagen in der gesamten Lieferkette nachvollziehbar sind und somit Risiken wie Scheinselbst\u00e4ndigkeit, DSGVO Verst\u00f6\u00dfen und Auflagen aus dem Lieferkettengesetz vom 3.M\u00e4rz 2021, minimiert werden.\u00a0<\/strong><\/p>\n<p>[\/et_pb_text][\/et_pb_column][\/et_pb_row][et_pb_row column_structure=&#8220;2_5,3_5&#8243; _builder_version=&#8220;4.9.10&#8243; _module_preset=&#8220;default&#8220;][et_pb_column type=&#8220;2_5&#8243; _builder_version=&#8220;4.9.10&#8243; _module_preset=&#8220;default&#8220;][et_pb_image src=&#8220;https:\/\/scorp.anywhere.de\/wp-content\/uploads\/2021\/08\/Bildschirmfoto-2021-08-10-um-11.20.19.png&#8220; title_text=&#8220;Bildschirmfoto 2021-08-10 um 11.20.19&#8243; _builder_version=&#8220;4.9.10&#8243; _module_preset=&#8220;default&#8220; width=&#8220;70%&#8220;][\/et_pb_image][\/et_pb_column][et_pb_column type=&#8220;3_5&#8243; _builder_version=&#8220;4.9.10&#8243; _module_preset=&#8220;default&#8220;][et_pb_text _builder_version=&#8220;4.9.10&#8243; _module_preset=&#8220;default&#8220;]<\/p>\n<h3>Dashboard<\/h3>\n<p>Ein \u00fcbersichtliches Dashboard zeigt Ihnen den immer richtigen Status Ihrer Projektdokumentation an.\u00a0<\/p>\n<p>[\/et_pb_text][\/et_pb_column][\/et_pb_row][et_pb_row column_structure=&#8220;2_5,3_5&#8243; _builder_version=&#8220;4.9.10&#8243; _module_preset=&#8220;default&#8220;][et_pb_column type=&#8220;2_5&#8243; _builder_version=&#8220;4.9.10&#8243; _module_preset=&#8220;default&#8220;][et_pb_text _builder_version=&#8220;4.9.10&#8243; _module_preset=&#8220;default&#8220; hover_enabled=&#8220;0&#8243; sticky_enabled=&#8220;0&#8243;]<\/p>\n<h3>Flexible Compliance Dokumente<\/h3>\n<p>SCoRP erm\u00f6glicht Ihnen regelbasiert Dokumente zu hinterlegen. Diese k\u00f6nnen entweder akzeptiert, zur Kenntnis genommen, gegengezeichnet oder frei hochgeladen werden. Die Regeln werden \u00fcber eine einfach verst\u00e4ndliche Oberfl\u00e4che durch den SCoRP Admin festgelegt.<\/p>\n<p>[\/et_pb_text][\/et_pb_column][et_pb_column type=&#8220;3_5&#8243; _builder_version=&#8220;4.9.10&#8243; _module_preset=&#8220;default&#8220;][et_pb_image src=&#8220;https:\/\/scorp.anywhere.de\/wp-content\/uploads\/2021\/08\/Bildschirmfoto-2021-08-10-um-12.30.02.png&#8220; title_text=&#8220;Bildschirmfoto 2021-08-10 um 12.30.02&#8243; align=&#8220;center&#8220; _builder_version=&#8220;4.9.10&#8243; _module_preset=&#8220;default&#8220; width=&#8220;40%&#8220;][\/et_pb_image][\/et_pb_column][\/et_pb_row][et_pb_row column_structure=&#8220;2_5,3_5&#8243; _builder_version=&#8220;4.9.10&#8243; _module_preset=&#8220;default&#8220;][et_pb_column type=&#8220;2_5&#8243; _builder_version=&#8220;4.9.10&#8243; _module_preset=&#8220;default&#8220;][et_pb_text _builder_version=&#8220;4.9.10&#8243; _module_preset=&#8220;default&#8220;]<\/p>\n<h3>\u00dcbersichtliche Ansichten<\/h3>\n<p>Listen und \u00dcbersichten k\u00f6nnen \u00fcber Filterfunktionen angepasst werden und bieten jederzeit eine flexible M\u00f6glichkeit, die f\u00fcr Sie richtige Information anzuzeigen.<\/p>\n<p>[\/et_pb_text][\/et_pb_column][et_pb_column type=&#8220;3_5&#8243; _builder_version=&#8220;4.9.10&#8243; _module_preset=&#8220;default&#8220;][et_pb_image src=&#8220;https:\/\/scorp.anywhere.de\/wp-content\/uploads\/2021\/08\/Bildschirmfoto-2021-08-10-um-11.24.48.png&#8220; title_text=&#8220;Bildschirmfoto 2021-08-10 um 11.24.48&#8243; align=&#8220;center&#8220; _builder_version=&#8220;4.9.10&#8243; _module_preset=&#8220;default&#8220; width=&#8220;50%&#8220;][\/et_pb_image][\/et_pb_column][\/et_pb_row][et_pb_row column_structure=&#8220;2_5,3_5&#8243; _builder_version=&#8220;4.9.10&#8243; _module_preset=&#8220;default&#8220;][et_pb_column type=&#8220;2_5&#8243; _builder_version=&#8220;4.9.10&#8243; _module_preset=&#8220;default&#8220;][et_pb_image src=&#8220;https:\/\/scorp.anywhere.de\/wp-content\/uploads\/2021\/08\/collaboration-gears.jpg&#8220; title_text=&#8220;collaboration-gears&#8220; align=&#8220;center&#8220; _builder_version=&#8220;4.9.10&#8243; _module_preset=&#8220;default&#8220; width=&#8220;50%&#8220;][\/et_pb_image][\/et_pb_column][et_pb_column type=&#8220;3_5&#8243; _builder_version=&#8220;4.9.10&#8243; _module_preset=&#8220;default&#8220;][et_pb_text _builder_version=&#8220;4.9.10&#8243; _module_preset=&#8220;default&#8220;]<\/p>\n<h3>Co-Laboration (Teams)<\/h3>\n<p>SCoRP bietet Ihnen die M\u00f6glichkeit, Projektmanager zu Teams zusammenzufassen. Teammitglieder k\u00f6nnen die Projekte anderer Teammitglieder sehen und bearbeiten.<\/p>\n<p>[\/et_pb_text][\/et_pb_column][\/et_pb_row][et_pb_row column_structure=&#8220;2_5,3_5&#8243; _builder_version=&#8220;4.9.10&#8243; _module_preset=&#8220;default&#8220;][et_pb_column type=&#8220;2_5&#8243; _builder_version=&#8220;4.9.10&#8243; _module_preset=&#8220;default&#8220;][et_pb_text _builder_version=&#8220;4.9.10&#8243; _module_preset=&#8220;default&#8220; custom_padding=&#8220;0px|||||&#8220;]<\/p>\n<h3>E-Mail Einladungen und Erinnerungen<\/h3>\n<p>Das SCoRP System versendet zu den meisten Ereignissen automatisierte E-Mail Benachrichtigungen, damit die Informationen bei den Subunternehmern eingefordert und nachgehalten werden k\u00f6nnen.<\/p>\n<p>[\/et_pb_text][\/et_pb_column][et_pb_column type=&#8220;3_5&#8243; _builder_version=&#8220;4.9.10&#8243; _module_preset=&#8220;default&#8220;][et_pb_image src=&#8220;https:\/\/scorp.anywhere.de\/wp-content\/uploads\/2021\/08\/165-1654201_email-mail-icon-email-circle-clipart.png&#8220; title_text=&#8220;165-1654201_email-mail-icon-email-circle-clipart&#8220; align=&#8220;center&#8220; _builder_version=&#8220;4.9.10&#8243; _module_preset=&#8220;default&#8220; width=&#8220;25%&#8220;][\/et_pb_image][\/et_pb_column][\/et_pb_row][et_pb_row column_structure=&#8220;2_5,3_5&#8243; _builder_version=&#8220;4.9.10&#8243; _module_preset=&#8220;default&#8220;][et_pb_column type=&#8220;2_5&#8243; _builder_version=&#8220;4.9.10&#8243; _module_preset=&#8220;default&#8220;][et_pb_image src=&#8220;https:\/\/scorp.anywhere.de\/wp-content\/uploads\/2021\/08\/Downloads-Icon-PNG-Graphic-Cave.png&#8220; title_text=&#8220;Downloads-Icon-PNG-Graphic-Cave&#8220; align=&#8220;center&#8220; _builder_version=&#8220;4.9.10&#8243; _module_preset=&#8220;default&#8220; width=&#8220;100%&#8220;][\/et_pb_image][\/et_pb_column][et_pb_column type=&#8220;3_5&#8243; _builder_version=&#8220;4.9.10&#8243; _module_preset=&#8220;default&#8220;][et_pb_text _builder_version=&#8220;4.9.10&#8243; _module_preset=&#8220;default&#8220;]<\/p>\n<h3>Daten Export<\/h3>\n<p>Listen und \u00dcbersichten k\u00f6nnen in der jeweiligen Ansicht (gesamt oder gefiltert) in g\u00e4ngigen Formaten gefiltert werden. (Excel, CSV, JSON, XML).<\/p>\n<p>[\/et_pb_text][\/et_pb_column][\/et_pb_row][et_pb_row column_structure=&#8220;2_5,3_5&#8243; _builder_version=&#8220;4.9.10&#8243; _module_preset=&#8220;default&#8220;][et_pb_column type=&#8220;2_5&#8243; _builder_version=&#8220;4.9.10&#8243; _module_preset=&#8220;default&#8220;][et_pb_text _builder_version=&#8220;4.9.10&#8243; _module_preset=&#8220;default&#8220; custom_padding=&#8220;0px|||||&#8220;]<\/p>\n<h3>Suchfunktionen<\/h3>\n<p>SCoRP bietet Ihnen die M\u00f6glichkeit einer \u00fcbergreifenden Suche. Treffer werden nach Projekten, Nutzern und Subunternehmern \u00fcbersichtlich geclustert.<\/p>\n<p>[\/et_pb_text][\/et_pb_column][et_pb_column type=&#8220;3_5&#8243; _builder_version=&#8220;4.9.10&#8243; _module_preset=&#8220;default&#8220;][et_pb_image src=&#8220;https:\/\/scorp.anywhere.de\/wp-content\/uploads\/2021\/08\/magnifying-glass-icon-vector-illustration-scaled.webp&#8220; title_text=&#8220;magnifying-glass-icon-vector-illustration&#8220; align=&#8220;center&#8220; _builder_version=&#8220;4.9.10&#8243; _module_preset=&#8220;default&#8220; width=&#8220;26%&#8220;][\/et_pb_image][\/et_pb_column][\/et_pb_row][et_pb_row column_structure=&#8220;2_5,3_5&#8243; _builder_version=&#8220;4.9.10&#8243; _module_preset=&#8220;default&#8220;][et_pb_column type=&#8220;2_5&#8243; _builder_version=&#8220;4.9.10&#8243; _module_preset=&#8220;default&#8220;][et_pb_image src=&#8220;https:\/\/scorp.anywhere.de\/wp-content\/uploads\/2021\/08\/dsgvo_logo.png&#8220; title_text=&#8220;dsgvo_logo&#8220; align=&#8220;center&#8220; _builder_version=&#8220;4.9.10&#8243; _module_preset=&#8220;default&#8220; width=&#8220;50%&#8220;][\/et_pb_image][\/et_pb_column][et_pb_column type=&#8220;3_5&#8243; _builder_version=&#8220;4.9.10&#8243; _module_preset=&#8220;default&#8220;][et_pb_text _builder_version=&#8220;4.9.10&#8243; _module_preset=&#8220;default&#8220;]<\/p>\n<h3>Datenschutz<\/h3>\n<p>Der Datenschutz ist von den ersten Momenten der Konzeption ein wichtiger Baustein bei der SCoRP Entwicklung gewesen. Wir erf\u00fcllen die Vorgaben der DSGVO und bieten Ihnen bei dem SaaS Einsatz selbstverst\u00e4ndlich den Abschluss eines Vertrages nach Artikel 28 DSGVO (Vereinbarung zur Auftragsverarbeitung) an.<\/p>\n<p>[\/et_pb_text][\/et_pb_column][\/et_pb_row][et_pb_row column_structure=&#8220;3_5,2_5&#8243; _builder_version=&#8220;4.9.10&#8243; _module_preset=&#8220;default&#8220;][et_pb_column type=&#8220;3_5&#8243; _builder_version=&#8220;4.9.10&#8243; _module_preset=&#8220;default&#8220;][et_pb_text _builder_version=&#8220;4.9.10&#8243; _module_preset=&#8220;default&#8220; hover_enabled=&#8220;0&#8243; sticky_enabled=&#8220;0&#8243;]<\/p>\n<h3>Umfangreiches Rechtekonzept<\/h3>\n<p>Die Nutzung des SCoRP Systems ist f\u00fcr verschiedene Nutzer-Rollen vorgesehen.\u00a0 Jeder Nutzer hat seine eigenen Sichten auf Daten und f\u00fcr die jeweilige Rolle angepasste Funktionen.<\/p>\n<p>[\/et_pb_text][\/et_pb_column][et_pb_column type=&#8220;2_5&#8243; _builder_version=&#8220;4.9.10&#8243; _module_preset=&#8220;default&#8220;][et_pb_image src=&#8220;https:\/\/scorp.anywhere.de\/wp-content\/uploads\/2021\/08\/Bildschirmfoto-2021-08-10-um-11.02.53.png&#8220; title_text=&#8220;Bildschirmfoto 2021-08-10 um 11.02.53&#8243; align=&#8220;center&#8220; _builder_version=&#8220;4.9.10&#8243; _module_preset=&#8220;default&#8220; width=&#8220;70%&#8220;][\/et_pb_image][\/et_pb_column][\/et_pb_row][\/et_pb_section]<\/p>\n","protected":false},"excerpt":{"rendered":"<p>Funktionen SCoRP soll in Ihrem Unternehmen sicherstellen, dass mit m\u00f6glichst geringem Aufwand die rechtlichen Dokumentationspflichten erf\u00fcllt werden, alle vertraglichen Grundlagen in der gesamten Lieferkette nachvollziehbar sind und somit Risiken wie Scheinselbst\u00e4ndigkeit, DSGVO Verst\u00f6\u00dfen und Auflagen aus dem Lieferkettengesetz vom 3.M\u00e4rz 2021, minimiert werden.\u00a0 Dashboard Ein \u00fcbersichtliches Dashboard zeigt Ihnen den immer richtigen Status Ihrer Projektdokumentation [&hellip;]<\/p>\n","protected":false},"author":1,"featured_media":0,"parent":0,"menu_order":0,"comment_status":"closed","ping_status":"closed","template":"","meta":{"_et_pb_use_builder":"on","_et_pb_old_content":"","_et_gb_content_width":"","footnotes":""},"class_list":["post-87","page","type-page","status-publish","hentry"],"_links":{"self":[{"href":"https:\/\/scorp.anywhere.de\/index.php\/wp-json\/wp\/v2\/pages\/87","targetHints":{"allow":["GET"]}}],"collection":[{"href":"https:\/\/scorp.anywhere.de\/index.php\/wp-json\/wp\/v2\/pages"}],"about":[{"href":"https:\/\/scorp.anywhere.de\/index.php\/wp-json\/wp\/v2\/types\/page"}],"author":[{"embeddable":true,"href":"https:\/\/scorp.anywhere.de\/index.php\/wp-json\/wp\/v2\/users\/1"}],"replies":[{"embeddable":true,"href":"https:\/\/scorp.anywhere.de\/index.php\/wp-json\/wp\/v2\/comments?post=87"}],"version-history":[{"count":12,"href":"https:\/\/scorp.anywhere.de\/index.php\/wp-json\/wp\/v2\/pages\/87\/revisions"}],"predecessor-version":[{"id":123,"href":"https:\/\/scorp.anywhere.de\/index.php\/wp-json\/wp\/v2\/pages\/87\/revisions\/123"}],"wp:attachment":[{"href":"https:\/\/scorp.anywhere.de\/index.php\/wp-json\/wp\/v2\/media?parent=87"}],"curies":[{"name":"wp","href":"https:\/\/api.w.org\/{rel}","templated":true}]}}