{"id":83,"date":"2021-08-09T12:24:39","date_gmt":"2021-08-09T12:24:39","guid":{"rendered":"https:\/\/scorp.anywhere.de\/?page_id=83"},"modified":"2021-08-09T12:25:54","modified_gmt":"2021-08-09T12:25:54","slug":"impressum","status":"publish","type":"page","link":"https:\/\/scorp.anywhere.de\/index.php\/impressum\/","title":{"rendered":"Impressum"},"content":{"rendered":"\n<p><strong>Verantwortlich f\u00fcr den Inhalt<\/strong><br>Anywhere digital GmbH<br>Hoheluftchaussee 40a, D-20253 Hamburg<\/p>\n\n\n\n<p><a href=\"tel:+49403899500\">Tel: +49 (40) 38 99 50 -0<\/a><br>E-Mail: info(at)anywhere.de<\/p>\n\n\n\n<p><strong>Gesch\u00e4ftsf\u00fchrer<\/strong><br>Konstantin Pfl\u00fcger<\/p>\n\n\n\n<p>Eingetragen in das Handelsregister:<\/p>\n\n\n\n<p>Amtsgericht&nbsp;Hamburg<br>HRB 97225<\/p>\n\n\n\n<p>Umsatzsteuer-ID:&nbsp;&nbsp;DE248314345<\/p>\n\n\n\n<p><strong>Urheberrecht<\/strong><br>Alle Inhalte dieser Website sind Eigentum von Anywhere digital oder den Gesch\u00e4ftspartnern, von denen anywhere digital die Rechte erhalten hat, diese Informationen wiederzugeben. Die Inhalte d\u00fcrfen auf dem Computermonitor ausgegeben werden. Es d\u00fcrfen einzelne Seiten zur privaten, aber nicht zur kommerziellen Verwertung ausgedruckt oder in elektronischer Form gespeichert werden. Andere als private und nicht-kommerzielle Verwertungen der Inhalte dieser Website d\u00fcrfen ohne Einverst\u00e4ndnis von Anywhere digital nicht vervielf\u00e4ltigt, ver\u00e4ndert oder kommerziell genutzt werden. Insbesondere ist die Verbreitung von Inhalten oder von Teilen der Website ohne Einverst\u00e4ndnis von Anywhere digital nicht gestattet. Das Gleiche gilt f\u00fcr die Entfernung urheberrechtlicher Markierungen in Vervielf\u00e4ltigungen der Inhalte. Schlie\u00dflich ist auch die Erstellung einer Datensammlung (Datenbank) in elektronischer oder strukturierter Form durch systematisches Herunterladen und Speichern der Inhalte nicht gestattet.<\/p>\n\n\n\n<p><strong>Haftungsausschluss<\/strong><\/p>\n\n\n\n<p>Anywhere digital hat keinen Einfluss auf die aktuellen und zuk\u00fcnftigen Gestaltungen und Inhalte der verlinkten Seiten. Anywhere digital ist nicht f\u00fcr den Inhalt der verkn\u00fcpften Seiten verantwortlich und macht sich diese Inhalte auch nicht zu eigen. F\u00fcr nicht legale, fehlerhafte oder unvollst\u00e4ndige Inhalte sowie f\u00fcr Sch\u00e4den, die durch die Nutzung oder Nichtnutzung der Informationen entstehen, haftet allein der Anbieter der Website, auf die verwiesen wurde. F\u00fcr fremde Hinweise ist Anywhere digital nur dann verantwortlich, wenn Anywhere digital von einem eventuell rechtswidrigen oder strafbaren Inhalt positive Kenntnis hatte, und es technisch m\u00f6glich und zumutbar ist, die Nutzung zu verhindern.<\/p>\n","protected":false},"excerpt":{"rendered":"<p>Verantwortlich f\u00fcr den InhaltAnywhere digital GmbHHoheluftchaussee 40a, D-20253 Hamburg Tel: +49 (40) 38 99 50 -0E-Mail: info(at)anywhere.de Gesch\u00e4ftsf\u00fchrerKonstantin Pfl\u00fcger Eingetragen in das Handelsregister: Amtsgericht&nbsp;HamburgHRB 97225 Umsatzsteuer-ID:&nbsp;&nbsp;DE248314345 UrheberrechtAlle Inhalte dieser Website sind Eigentum von Anywhere digital oder den Gesch\u00e4ftspartnern, von denen anywhere digital die Rechte erhalten hat, diese Informationen wiederzugeben. Die Inhalte d\u00fcrfen auf dem Computermonitor [&hellip;]<\/p>\n","protected":false},"author":1,"featured_media":0,"parent":0,"menu_order":0,"comment_status":"closed","ping_status":"closed","template":"","meta":{"_et_pb_use_builder":"off","_et_pb_old_content":"","_et_gb_content_width":"1080","footnotes":""},"class_list":["post-83","page","type-page","status-publish","hentry"],"_links":{"self":[{"href":"https:\/\/scorp.anywhere.de\/index.php\/wp-json\/wp\/v2\/pages\/83","targetHints":{"allow":["GET"]}}],"collection":[{"href":"https:\/\/scorp.anywhere.de\/index.php\/wp-json\/wp\/v2\/pages"}],"about":[{"href":"https:\/\/scorp.anywhere.de\/index.php\/wp-json\/wp\/v2\/types\/page"}],"author":[{"embeddable":true,"href":"https:\/\/scorp.anywhere.de\/index.php\/wp-json\/wp\/v2\/users\/1"}],"replies":[{"embeddable":true,"href":"https:\/\/scorp.anywhere.de\/index.php\/wp-json\/wp\/v2\/comments?post=83"}],"version-history":[{"count":1,"href":"https:\/\/scorp.anywhere.de\/index.php\/wp-json\/wp\/v2\/pages\/83\/revisions"}],"predecessor-version":[{"id":84,"href":"https:\/\/scorp.anywhere.de\/index.php\/wp-json\/wp\/v2\/pages\/83\/revisions\/84"}],"wp:attachment":[{"href":"https:\/\/scorp.anywhere.de\/index.php\/wp-json\/wp\/v2\/media?parent=83"}],"curies":[{"name":"wp","href":"https:\/\/api.w.org\/{rel}","templated":true}]}}