{"id":7,"date":"2021-03-10T08:38:23","date_gmt":"2021-03-10T08:38:23","guid":{"rendered":"https:\/\/scorp.anywhere.de\/?page_id=7"},"modified":"2021-08-13T09:33:39","modified_gmt":"2021-08-13T09:33:39","slug":"startseite","status":"publish","type":"page","link":"https:\/\/scorp.anywhere.de\/","title":{"rendered":"SCoRP"},"content":{"rendered":"<p>[et_pb_section fb_built=&#8220;1&#8243; _builder_version=&#8220;4.7.7&#8243; _module_preset=&#8220;default&#8220;][et_pb_row _builder_version=&#8220;4.7.7&#8243; _module_preset=&#8220;default&#8220;][et_pb_column type=&#8220;4_4&#8243; _builder_version=&#8220;4.7.7&#8243; _module_preset=&#8220;default&#8220;][et_pb_image src=&#8220;https:\/\/scorp.anywhere.de\/wp-content\/uploads\/2021\/03\/L1-SCoRP-Logo-RGB-e1628497043538.png&#8220; title_text=&#8220;L1-SCoRP-Logo-RGB&#8220; align=&#8220;center&#8220; _builder_version=&#8220;4.9.10&#8243; _module_preset=&#8220;default&#8220; background_enable_image=&#8220;off&#8220; width=&#8220;70%&#8220; background__hover_enabled=&#8220;on|desktop&#8220;][\/et_pb_image][\/et_pb_column][\/et_pb_row][et_pb_row _builder_version=&#8220;4.9.10&#8243; _module_preset=&#8220;default&#8220;][et_pb_column type=&#8220;4_4&#8243; _builder_version=&#8220;4.9.10&#8243; _module_preset=&#8220;default&#8220;][et_pb_divider divider_position=&#8220;bottom&#8220; _builder_version=&#8220;4.9.10&#8243; _module_preset=&#8220;default&#8220;][\/et_pb_divider][et_pb_slider show_pagination=&#8220;off&#8220; _builder_version=&#8220;4.9.10&#8243; _module_preset=&#8220;default&#8220; body_font_size=&#8220;16px&#8220; background_color=&#8220;RGBA(0,0,0,0)&#8220; text_orientation=&#8220;left&#8220; custom_margin=&#8220;||50px|||&#8220; custom_padding=&#8220;30px||22px|||&#8220; auto=&#8220;on&#8220; auto_speed=&#8220;10000&#8243; hover_enabled=&#8220;0&#8243; sticky_enabled=&#8220;0&#8243;][et_pb_slide heading=&#8220;Kennen Sie alle Dienstleister Ihrer Lieferkette?&#8220; _builder_version=&#8220;4.9.10&#8243; _module_preset=&#8220;default&#8220; header_level=&#8220;h2&#8243; header_font_size=&#8220;35px&#8220; background_enable_color=&#8220;off&#8220; background_layout=&#8220;light&#8220; sticky_transition=&#8220;on&#8220;]<\/p>\n<p>Die zum Teil komplexe Supply Chain in Unternehmen, verlangen nach Transparenz bei den Lieferantenbeziehungen. Viele Unternehmen kennen die Unterauftragnehmer Ihrer Lieferanten und Dienstleister nicht und k\u00f6nnen die umfangreichen Compliance Anforderungen nicht erf\u00fcllen.<\/p>\n<p>[\/et_pb_slide][et_pb_slide heading=&#8220;Risiko und Verantwortung&#8220; _builder_version=&#8220;4.9.10&#8243; _module_preset=&#8220;default&#8220; header_font_size=&#8220;35px&#8220; background_enable_color=&#8220;off&#8220; background_layout=&#8220;light&#8220; hover_enabled=&#8220;0&#8243; sticky_transition=&#8220;on&#8220; sticky_enabled=&#8220;0&#8243;]<\/p>\n<p>Nur durch umfangreiche Transparenz und der klaren Compliance Verpflichtung aller Unternehmen in der Supply Chain k\u00f6nnen Unternehmen Ihrer Verantwortung gerecht werden und minimieren das Risiko eines Schadens.<\/p>\n<p>[\/et_pb_slide][\/et_pb_slider][et_pb_divider _builder_version=&#8220;4.9.10&#8243; _module_preset=&#8220;default&#8220;][\/et_pb_divider][\/et_pb_column][\/et_pb_row][et_pb_row column_structure=&#8220;2_5,3_5&#8243; _builder_version=&#8220;4.9.10&#8243; _module_preset=&#8220;default&#8220;][et_pb_column type=&#8220;2_5&#8243; _builder_version=&#8220;4.9.10&#8243; _module_preset=&#8220;default&#8220;][et_pb_image src=&#8220;https:\/\/scorp.anywhere.de\/wp-content\/uploads\/2021\/08\/SCoRP-Box.png&#8220; title_text=&#8220;SCoRP-Box&#8220; _builder_version=&#8220;4.9.10&#8243; _module_preset=&#8220;default&#8220;][\/et_pb_image][\/et_pb_column][et_pb_column type=&#8220;3_5&#8243; _builder_version=&#8220;4.9.10&#8243; _module_preset=&#8220;default&#8220;][et_pb_text _builder_version=&#8220;4.9.10&#8243; _module_preset=&#8220;default&#8220; hover_enabled=&#8220;0&#8243; sticky_enabled=&#8220;0&#8243;]<\/p>\n<h2>SCoRP gibt Ihnen Sicherheit<\/h2>\n<p>&nbsp;<\/p>\n<ul>\n<li><span style=\"font-family: inherit;\">Mit SCoRP schaffen Sie eine Plattform, mit der Sie einen Gro\u00dfteil Ihrer Nachweispflichten mit geringem Aufwand l\u00f6sen k\u00f6nnen.\u00a0<\/span><\/li>\n<li><span style=\"font-family: inherit;\">\u00a0SCoRP ist flexibel als SaaS L\u00f6sung oder On-Premise einsetzbar.\u00a0<\/span><\/li>\n<li><span style=\"font-family: inherit;\">SCoRP ist auf Ihre CRM und ERP Anforderungen anpassbar. Sprechen Sie mit uns \u00fcber unterst\u00fctzte Schnittstellen.<\/span><\/li>\n<\/ul>\n<p>&nbsp;<\/p>\n<p>&nbsp;<\/p>\n<p>[\/et_pb_text][\/et_pb_column][\/et_pb_row][\/et_pb_section]<\/p>\n","protected":false},"excerpt":{"rendered":"<p>Kennen Sie alle Dienstleister Ihrer Lieferkette?Die zum Teil komplexe Supply Chain in Unternehmen, verlangen nach Transparenz bei den Lieferantenbeziehungen. Viele Unternehmen kennen die Unterauftragnehmer Ihrer Lieferanten und Dienstleister nicht und k\u00f6nnen die umfangreichen Compliance Anforderungen nicht erf\u00fcllen. Risiko und VerantwortungNur durch umfangreiche Transparenz und der klaren Compliance Verpflichtung aller Unternehmen in der Supply Chain k\u00f6nnen [&hellip;]<\/p>\n","protected":false},"author":1,"featured_media":0,"parent":0,"menu_order":0,"comment_status":"closed","ping_status":"closed","template":"","meta":{"_et_pb_use_builder":"on","_et_pb_old_content":"","_et_gb_content_width":"","footnotes":""},"class_list":["post-7","page","type-page","status-publish","hentry"],"_links":{"self":[{"href":"https:\/\/scorp.anywhere.de\/index.php\/wp-json\/wp\/v2\/pages\/7","targetHints":{"allow":["GET"]}}],"collection":[{"href":"https:\/\/scorp.anywhere.de\/index.php\/wp-json\/wp\/v2\/pages"}],"about":[{"href":"https:\/\/scorp.anywhere.de\/index.php\/wp-json\/wp\/v2\/types\/page"}],"author":[{"embeddable":true,"href":"https:\/\/scorp.anywhere.de\/index.php\/wp-json\/wp\/v2\/users\/1"}],"replies":[{"embeddable":true,"href":"https:\/\/scorp.anywhere.de\/index.php\/wp-json\/wp\/v2\/comments?post=7"}],"version-history":[{"count":22,"href":"https:\/\/scorp.anywhere.de\/index.php\/wp-json\/wp\/v2\/pages\/7\/revisions"}],"predecessor-version":[{"id":118,"href":"https:\/\/scorp.anywhere.de\/index.php\/wp-json\/wp\/v2\/pages\/7\/revisions\/118"}],"wp:attachment":[{"href":"https:\/\/scorp.anywhere.de\/index.php\/wp-json\/wp\/v2\/media?parent=7"}],"curies":[{"name":"wp","href":"https:\/\/api.w.org\/{rel}","templated":true}]}}