{"id":52,"date":"2021-08-09T10:54:00","date_gmt":"2021-08-09T10:54:00","guid":{"rendered":"https:\/\/scorp.anywhere.de\/?page_id=52"},"modified":"2021-08-13T09:37:25","modified_gmt":"2021-08-13T09:37:25","slug":"52-2","status":"publish","type":"page","link":"https:\/\/scorp.anywhere.de\/index.php\/52-2\/","title":{"rendered":"SCoRP Screenshots"},"content":{"rendered":"<p>[et_pb_section fb_built=&#8220;1&#8243; _builder_version=&#8220;4.9.10&#8243; _module_preset=&#8220;default&#8220;][et_pb_row _builder_version=&#8220;4.9.10&#8243; _module_preset=&#8220;default&#8220;][et_pb_column type=&#8220;4_4&#8243; _builder_version=&#8220;4.9.10&#8243; _module_preset=&#8220;default&#8220;][et_pb_image src=&#8220;https:\/\/scorp.anywhere.de\/wp-content\/uploads\/2021\/03\/L1-SCoRP-Logo-RGB-e1628497043538.png&#8220; title_text=&#8220;L1-SCoRP-Logo-RGB&#8220; align=&#8220;center&#8220; _builder_version=&#8220;4.9.10&#8243; _module_preset=&#8220;default&#8220; width=&#8220;70%&#8220;][\/et_pb_image][\/et_pb_column][\/et_pb_row][et_pb_row _builder_version=&#8220;4.9.10&#8243; _module_preset=&#8220;default&#8220;][et_pb_column type=&#8220;4_4&#8243; _builder_version=&#8220;4.9.10&#8243; _module_preset=&#8220;default&#8220;][et_pb_divider _builder_version=&#8220;4.9.10&#8243; _module_preset=&#8220;default&#8220;][\/et_pb_divider][et_pb_text _builder_version=&#8220;4.9.10&#8243; _module_preset=&#8220;default&#8220; text_orientation=&#8220;center&#8220;]<\/p>\n<h1>Screenshots<\/h1>\n<p>[\/et_pb_text][\/et_pb_column][\/et_pb_row][et_pb_row column_structure=&#8220;2_5,3_5&#8243; _builder_version=&#8220;4.9.10&#8243; _module_preset=&#8220;default&#8220;][et_pb_column type=&#8220;2_5&#8243; _builder_version=&#8220;4.9.10&#8243; _module_preset=&#8220;default&#8220;][et_pb_image src=&#8220;https:\/\/scorp.anywhere.de\/wp-content\/uploads\/2021\/08\/scorp_projektu\u0308bersicht.png&#8220; title_text=&#8220;scorp_projektu\u0308bersicht&#8220; show_in_lightbox=&#8220;on&#8220; align=&#8220;center&#8220; _builder_version=&#8220;4.9.10&#8243; _module_preset=&#8220;default&#8220;][\/et_pb_image][\/et_pb_column][et_pb_column type=&#8220;3_5&#8243; _builder_version=&#8220;4.9.10&#8243; _module_preset=&#8220;default&#8220;][et_pb_text _builder_version=&#8220;4.9.10&#8243; _module_preset=&#8220;default&#8220; text_font_size=&#8220;16px&#8220; hover_enabled=&#8220;0&#8243; sticky_enabled=&#8220;0&#8243;]<\/p>\n<p>Ein SCoRP Admin kann den Status der aktuellen Projekte mit dem jeweiligen Status der Supply Chain einsehen. Subunternehmer, die noch keinen vollst\u00e4ndigen Compliance Status haben, werden automatisiert darauf hingewiesen.<\/p>\n<p>&nbsp;<\/p>\n<p>[\/et_pb_text][\/et_pb_column][\/et_pb_row][et_pb_row column_structure=&#8220;2_5,3_5&#8243; _builder_version=&#8220;4.9.10&#8243; _module_preset=&#8220;default&#8220;][et_pb_column type=&#8220;2_5&#8243; _builder_version=&#8220;4.9.10&#8243; _module_preset=&#8220;default&#8220;][et_pb_image src=&#8220;https:\/\/scorp.anywhere.de\/wp-content\/uploads\/2021\/08\/Screenshot-2019-02-06-at-15.15.51.png&#8220; title_text=&#8220;Screenshot 2019-02-06 at 15.15.51&#8243; show_in_lightbox=&#8220;on&#8220; align=&#8220;center&#8220; _builder_version=&#8220;4.9.10&#8243; _module_preset=&#8220;default&#8220;][\/et_pb_image][\/et_pb_column][et_pb_column type=&#8220;3_5&#8243; _builder_version=&#8220;4.9.10&#8243; _module_preset=&#8220;default&#8220;][et_pb_text _builder_version=&#8220;4.9.10&#8243; _module_preset=&#8220;default&#8220; text_font_size=&#8220;16px&#8220;]<\/p>\n<p>Mit dem \u00d6ffnen der hierarchischen Darstellung Ihrer Supply Chain, \u00fcberschauen Sie mit einem Blick den jeweiligen Status in den Lieferantenbeziehungen.<\/p>\n<p>[\/et_pb_text][\/et_pb_column][\/et_pb_row][et_pb_row column_structure=&#8220;2_5,3_5&#8243; _builder_version=&#8220;4.9.10&#8243; _module_preset=&#8220;default&#8220;][et_pb_column type=&#8220;2_5&#8243; _builder_version=&#8220;4.9.10&#8243; _module_preset=&#8220;default&#8220;][et_pb_image src=&#8220;https:\/\/scorp.anywhere.de\/wp-content\/uploads\/2021\/08\/Screenshot-2019-02-12-at-12.08.12.png&#8220; title_text=&#8220;Screenshot 2019-02-12 at 12.08.12&#8243; show_in_lightbox=&#8220;on&#8220; align=&#8220;center&#8220; _builder_version=&#8220;4.9.10&#8243; _module_preset=&#8220;default&#8220;][\/et_pb_image][\/et_pb_column][et_pb_column type=&#8220;3_5&#8243; _builder_version=&#8220;4.9.10&#8243; _module_preset=&#8220;default&#8220;][et_pb_text _builder_version=&#8220;4.9.10&#8243; _module_preset=&#8220;default&#8220; text_font_size=&#8220;16px&#8220; hover_enabled=&#8220;0&#8243; sticky_enabled=&#8220;0&#8243;]<\/p>\n<p>Subunternehmer sehen den jeweiligen Status Ihrer Projekte. Sie laden eigenst\u00e4ndig ihre eigenen Subunternehmer ein, die an dem Projekt arbeiten. Somit ist sichergestellt, dass die gesamte Kette an Subunternehmern ber\u00fccksichtigt wird.<\/p>\n<p>&nbsp;<\/p>\n<p>[\/et_pb_text][\/et_pb_column][\/et_pb_row][et_pb_row column_structure=&#8220;2_5,3_5&#8243; _builder_version=&#8220;4.9.10&#8243; _module_preset=&#8220;default&#8220;][et_pb_column type=&#8220;2_5&#8243; _builder_version=&#8220;4.9.10&#8243; _module_preset=&#8220;default&#8220;][et_pb_image src=&#8220;https:\/\/scorp.anywhere.de\/wp-content\/uploads\/2021\/08\/Beispiel-Erkla\u0308rungstext-Subunternehmer-Projekte.png&#8220; title_text=&#8220;Beispiel Erkla\u0308rungstext Subunternehmer Projekte&#8220; show_in_lightbox=&#8220;on&#8220; align=&#8220;center&#8220; _builder_version=&#8220;4.9.10&#8243; _module_preset=&#8220;default&#8220;][\/et_pb_image][\/et_pb_column][et_pb_column type=&#8220;3_5&#8243; _builder_version=&#8220;4.9.10&#8243; _module_preset=&#8220;default&#8220;][et_pb_text _builder_version=&#8220;4.9.10&#8243; _module_preset=&#8220;default&#8220; text_font_size=&#8220;16px&#8220;]<\/p>\n<p>Subunternehmer k\u00f6nnen einfach und \u00fcbersichtlich den jeweiligen Status Ihrer Projekte einsehen und die n\u00f6tigen Informationen angeben.<\/p>\n<p>[\/et_pb_text][\/et_pb_column][\/et_pb_row][et_pb_row column_structure=&#8220;2_5,3_5&#8243; _builder_version=&#8220;4.9.10&#8243; _module_preset=&#8220;default&#8220;][et_pb_column type=&#8220;2_5&#8243; _builder_version=&#8220;4.9.10&#8243; _module_preset=&#8220;default&#8220;][et_pb_image src=&#8220;https:\/\/scorp.anywhere.de\/wp-content\/uploads\/2021\/08\/Screenshot-2019-01-24-at-17.18.52.png&#8220; title_text=&#8220;Screenshot 2019-01-24 at 17.18.52&#8243; show_in_lightbox=&#8220;on&#8220; align=&#8220;center&#8220; _builder_version=&#8220;4.9.10&#8243; _module_preset=&#8220;default&#8220;][\/et_pb_image][\/et_pb_column][et_pb_column type=&#8220;3_5&#8243; _builder_version=&#8220;4.9.10&#8243; _module_preset=&#8220;default&#8220;][et_pb_text _builder_version=&#8220;4.9.10&#8243; _module_preset=&#8220;default&#8220; text_font_size=&#8220;16px&#8220; hover_enabled=&#8220;0&#8243; sticky_enabled=&#8220;0&#8243;]<\/p>\n<p>Hinterlegen Sie regelbasiert Dokumente, die f\u00fcr den Status des Subunternehmers entweder mit einwilligender Handlung akzeptiert,\u00a0 gegengezeichnet oder zur Kenntnis genommen werden m\u00fcssen.<\/p>\n<p>[\/et_pb_text][\/et_pb_column][\/et_pb_row][\/et_pb_section]<\/p>\n","protected":false},"excerpt":{"rendered":"<p>Screenshots Ein SCoRP Admin kann den Status der aktuellen Projekte mit dem jeweiligen Status der Supply Chain einsehen. Subunternehmer, die noch keinen vollst\u00e4ndigen Compliance Status haben, werden automatisiert darauf hingewiesen. &nbsp; Mit dem \u00d6ffnen der hierarchischen Darstellung Ihrer Supply Chain, \u00fcberschauen Sie mit einem Blick den jeweiligen Status in den Lieferantenbeziehungen. Subunternehmer sehen den jeweiligen [&hellip;]<\/p>\n","protected":false},"author":1,"featured_media":0,"parent":0,"menu_order":0,"comment_status":"closed","ping_status":"closed","template":"","meta":{"_et_pb_use_builder":"on","_et_pb_old_content":"","_et_gb_content_width":"","footnotes":""},"class_list":["post-52","page","type-page","status-publish","hentry"],"_links":{"self":[{"href":"https:\/\/scorp.anywhere.de\/index.php\/wp-json\/wp\/v2\/pages\/52","targetHints":{"allow":["GET"]}}],"collection":[{"href":"https:\/\/scorp.anywhere.de\/index.php\/wp-json\/wp\/v2\/pages"}],"about":[{"href":"https:\/\/scorp.anywhere.de\/index.php\/wp-json\/wp\/v2\/types\/page"}],"author":[{"embeddable":true,"href":"https:\/\/scorp.anywhere.de\/index.php\/wp-json\/wp\/v2\/users\/1"}],"replies":[{"embeddable":true,"href":"https:\/\/scorp.anywhere.de\/index.php\/wp-json\/wp\/v2\/comments?post=52"}],"version-history":[{"count":22,"href":"https:\/\/scorp.anywhere.de\/index.php\/wp-json\/wp\/v2\/pages\/52\/revisions"}],"predecessor-version":[{"id":121,"href":"https:\/\/scorp.anywhere.de\/index.php\/wp-json\/wp\/v2\/pages\/52\/revisions\/121"}],"wp:attachment":[{"href":"https:\/\/scorp.anywhere.de\/index.php\/wp-json\/wp\/v2\/media?parent=52"}],"curies":[{"name":"wp","href":"https:\/\/api.w.org\/{rel}","templated":true}]}}